{"id":483,"date":"2018-11-20T09:31:39","date_gmt":"2018-11-20T09:31:39","guid":{"rendered":"https:\/\/hardangerstillas.no\/privat\/?post_type=product&#038;p=483"},"modified":"2026-03-23T14:45:49","modified_gmt":"2026-03-23T14:45:49","slug":"utvidelsespakke-1","status":"publish","type":"product","link":"https:\/\/hardangerstillas.no\/privat\/produkt\/utvidelsespakke-1\/","title":{"rendered":"Hardangerstillas Utvidelsespakke 1"},"content":{"rendered":"<p>Denne pakken gj\u00f8r en <a href=\"https:\/\/hardangerstillas.no\/privat\/produkt\/huspakke-1\/\">Huspakke 1<\/a> til en <a href=\"https:\/\/hardangerstillas.no\/privat\/produkt\/huspakke-2\/\">Huspakke 2<\/a>.<\/p>\n<p>Sv\u00e6rt praktisk om du bare trenger litt mer stillas for \u00e5 f\u00e5 jobben gjort, enten det er i h\u00f8yden eller bredden.<\/p>\n","protected":false},"excerpt":{"rendered":"<p>Utvidelse av Huspakke 1 til Huspakke 2<\/p>\n","protected":false},"featured_media":484,"comment_status":"open","ping_status":"closed","template":"","meta":{"_acf_changed":false},"product_brand":[],"product_cat":[19],"product_tag":[],"class_list":{"0":"post-483","1":"product","2":"type-product","3":"status-publish","4":"has-post-thumbnail","6":"product_cat-utvidelsespakker","8":"first","9":"instock","10":"taxable","11":"shipping-taxable","12":"purchasable","13":"product-type-simple"},"acf":[],"publishpress_future_workflow_manual_trigger":{"enabledWorkflows":[]},"_links":{"self":[{"href":"https:\/\/hardangerstillas.no\/privat\/wp-json\/wp\/v2\/product\/483","targetHints":{"allow":["GET"]}}],"collection":[{"href":"https:\/\/hardangerstillas.no\/privat\/wp-json\/wp\/v2\/product"}],"about":[{"href":"https:\/\/hardangerstillas.no\/privat\/wp-json\/wp\/v2\/types\/product"}],"replies":[{"embeddable":true,"href":"https:\/\/hardangerstillas.no\/privat\/wp-json\/wp\/v2\/comments?post=483"}],"wp:featuredmedia":[{"embeddable":true,"href":"https:\/\/hardangerstillas.no\/privat\/wp-json\/wp\/v2\/media\/484"}],"wp:attachment":[{"href":"https:\/\/hardangerstillas.no\/privat\/wp-json\/wp\/v2\/media?parent=483"}],"wp:term":[{"taxonomy":"product_brand","embeddable":true,"href":"https:\/\/hardangerstillas.no\/privat\/wp-json\/wp\/v2\/product_brand?post=483"},{"taxonomy":"product_cat","embeddable":true,"href":"https:\/\/hardangerstillas.no\/privat\/wp-json\/wp\/v2\/product_cat?post=483"},{"taxonomy":"product_tag","embeddable":true,"href":"https:\/\/hardangerstillas.no\/privat\/wp-json\/wp\/v2\/product_tag?post=483"}],"curies":[{"name":"wp","href":"https:\/\/api.w.org\/{rel}","templated":true}]}}