{"id":478,"date":"2018-11-19T15:48:59","date_gmt":"2018-11-19T15:48:59","guid":{"rendered":"https:\/\/hardangerstillas.no\/privat\/?post_type=product&#038;p=478"},"modified":"2026-04-30T13:52:14","modified_gmt":"2026-04-30T13:52:14","slug":"huspakke-3","status":"publish","type":"product","link":"https:\/\/hardangerstillas.no\/privat\/produkt\/huspakke-3\/","title":{"rendered":"Hardangerstillas Huspakke 3"},"content":{"rendered":"<p>Denne huspakken kan settes opp p\u00e5 2 ulike m\u00e5ter, og passer perfekt til litt st\u00f8rre hus og bygninger.<\/p>\n<p>Se produktbilder for alternative oppbygninger.<\/p>\n<p><span style=\"color: #ff0000\"><strong>\ud83c\udf1e V\u00e5rtilbud \ud83c\udf1e<\/strong><\/span><\/p>\n<p><span style=\"color: #0000ff\"><strong>\u00a0<\/strong><\/span><\/p>\n","protected":false},"excerpt":{"rendered":"<p>Huspakke for hus og mindre bygninger<\/p>\n","protected":false},"featured_media":479,"comment_status":"open","ping_status":"closed","template":"","meta":{"_acf_changed":false},"product_brand":[],"product_cat":[18],"product_tag":[],"class_list":{"0":"post-478","1":"product","2":"type-product","3":"status-publish","4":"has-post-thumbnail","6":"product_cat-huspakker","8":"first","9":"instock","10":"sale","11":"taxable","12":"shipping-taxable","13":"purchasable","14":"product-type-simple"},"acf":[],"publishpress_future_workflow_manual_trigger":{"enabledWorkflows":[]},"_links":{"self":[{"href":"https:\/\/hardangerstillas.no\/privat\/wp-json\/wp\/v2\/product\/478","targetHints":{"allow":["GET"]}}],"collection":[{"href":"https:\/\/hardangerstillas.no\/privat\/wp-json\/wp\/v2\/product"}],"about":[{"href":"https:\/\/hardangerstillas.no\/privat\/wp-json\/wp\/v2\/types\/product"}],"replies":[{"embeddable":true,"href":"https:\/\/hardangerstillas.no\/privat\/wp-json\/wp\/v2\/comments?post=478"}],"wp:featuredmedia":[{"embeddable":true,"href":"https:\/\/hardangerstillas.no\/privat\/wp-json\/wp\/v2\/media\/479"}],"wp:attachment":[{"href":"https:\/\/hardangerstillas.no\/privat\/wp-json\/wp\/v2\/media?parent=478"}],"wp:term":[{"taxonomy":"product_brand","embeddable":true,"href":"https:\/\/hardangerstillas.no\/privat\/wp-json\/wp\/v2\/product_brand?post=478"},{"taxonomy":"product_cat","embeddable":true,"href":"https:\/\/hardangerstillas.no\/privat\/wp-json\/wp\/v2\/product_cat?post=478"},{"taxonomy":"product_tag","embeddable":true,"href":"https:\/\/hardangerstillas.no\/privat\/wp-json\/wp\/v2\/product_tag?post=478"}],"curies":[{"name":"wp","href":"https:\/\/api.w.org\/{rel}","templated":true}]}}