{"id":23,"date":"2018-11-14T10:14:02","date_gmt":"2018-11-14T10:14:02","guid":{"rendered":"https:\/\/hardangerstillas.no\/privat\/?page_id=23"},"modified":"2018-12-20T09:24:22","modified_gmt":"2018-12-20T09:24:22","slug":"betingelser","status":"publish","type":"page","link":"https:\/\/hardangerstillas.no\/privat\/betingelser\/","title":{"rendered":"Betingelser"},"content":{"rendered":"<h2 class=\"pages-title\">Salgsbetingelser<\/h2>\n<h3>Generelt<\/h3>\n<p>Uten at annet er spesifisert i v\u00e5re tilbud eller ordrebekreftelser, gjelder f\u00f8lgende betingelser.<\/p>\n<div class=\"att-body\">\n<div class=\"ezxmltext-field\">\n<h3>Merverdiavgift<\/h3>\n<p>Alle priser er oppgitt uten merverdiavgift dersom ikke annet er uttrykkelig spesifisert.<\/p>\n<h3>Leveringstid<\/h3>\n<p>Angitt leveringstid betinger signert ordrebekreftelse og angir n\u00e5r vare sendes fra v\u00e5rt lager. Vi reserverer oss retten til \u00e5 forlenge leveringstiden dersom nye opplysninger, rettelser eller tilf\u00f8yelser kommer etter den ovennevnte dato.<\/p>\n<h3>Leveringsbetingelser<\/h3>\n<p>Uten at annet er spesifisert i tilbud eller ordrebekreftelse, er alle leveranser \u201dEx Works 5210 Os\u201d iht. INCOTERMS 2010 (utlevert fra lager).<\/p>\n<h3>Angrefrist ved privatkj\u00f8p<\/h3>\n<p>Du skal f\u00f8le deg trygg n\u00e5r du handler hos Hardanger Stillas; vi f\u00f8lger kj\u00f8psloven og angrerettsloven. Dette inneb\u00e6rer at du som privatkunde kan angre kj\u00f8psavtalen du har inng\u00e5tt over internett uten \u00e5 oppgi noen grunn innen 14 dager etter at hele varen og angrefristskjema er mottatt. Melding om bruk av angreretten m\u00e5 gis til oss innen fristen, og kan gis p\u00e5 hvilken som helst m\u00e5te.<\/p>\n<h3>Mangler og reklamasjon<\/h3>\n<p>Kj\u00f8per plikter \u00e5 unders\u00f8ke vare ved levering. Eventuelle transportskader M\u00c5 anmerkes p\u00e5 fraktbrev og meldes til Hardanger Stillas og transport\u00f8r, innen 5 dager etter mottak. Pakkseddel f\u00f8lger sending. Avvik mellom levert vare og pakkseddel meddeles Hardanger Stillas snarest.<\/p>\n<h3>Leveringsforsinkelse<\/h3>\n<p>Vi aksepterer ingen krav som resultat av forsinket levering, dersom forsinkelsen skyldes forhold utenfor v\u00e5r kontroll. Dagmulkt aksepteres ikke.<\/p>\n<h3>Garanti<\/h3>\n<p>Hardanger Stillas produkter har 5-\u00e5rs garanti mot fabrikasjonsfeil.<\/p>\n<h3>Betalingsbetingelser<\/h3>\n<p>Kontant betaling ved henting (kredittkort) eller faktura med 20 dagers betalingsfrist. Faktura betinger godkjent kredittvurdering og signert ordrebekreftelse. Iht. pantelovens \u00a7 3-14 har Hardanger Stillas salgspant i den leverte vare for kj\u00f8pesummen med tillegg av renter og omkostninger. Vi forbeholder oss retten til \u00e5 foreta n\u00f8dvendig kredittvurdering.<\/p>\n<h3>Fakturering<\/h3>\n<p>Som fakturadato regnes den dag varen sendes fra v\u00e5rt lager.<\/p>\n<h3>Kansellering<\/h3>\n<p>I tilfelle av kansellering etter at ordren er notert hos oss, reserverer vi oss retten til \u00e5 fakturere eventuelle kansellasjonsomkostninger i forhold til de utgifter som allerede er p\u00e5l\u00f8pt varen.<\/p>\n<\/div>\n<\/div>\n","protected":false},"excerpt":{"rendered":"<p>Salgsbetingelser Generelt Uten at annet er spesifisert i v\u00e5re tilbud eller ordrebekreftelser, gjelder f\u00f8lgende betingelser. Merverdiavgift Alle priser er oppgitt uten merverdiavgift dersom ikke annet er uttrykkelig spesifisert. Leveringstid Angitt leveringstid betinger signert ordrebekreftelse og angir n\u00e5r vare sendes fra v\u00e5rt lager. Vi reserverer oss retten til \u00e5 forlenge leveringstiden dersom nye opplysninger, rettelser eller<a class=\"excerpt-read-more\" href=\"https:\/\/hardangerstillas.no\/privat\/betingelser\/\" title=\"ReadBetingelser\">&#8230; Read more &raquo;<\/a><\/p>\n","protected":false},"author":1,"featured_media":0,"parent":0,"menu_order":0,"comment_status":"closed","ping_status":"closed","template":"","meta":{"_acf_changed":false,"footnotes":""},"class_list":["post-23","page","type-page","status-publish","hentry"],"acf":[],"publishpress_future_action":{"enabled":false,"date":"2026-05-15 16:38:42","action":"change-status","newStatus":"draft","terms":[],"taxonomy":"","extraData":[]},"publishpress_future_workflow_manual_trigger":{"enabledWorkflows":[]},"_links":{"self":[{"href":"https:\/\/hardangerstillas.no\/privat\/wp-json\/wp\/v2\/pages\/23","targetHints":{"allow":["GET"]}}],"collection":[{"href":"https:\/\/hardangerstillas.no\/privat\/wp-json\/wp\/v2\/pages"}],"about":[{"href":"https:\/\/hardangerstillas.no\/privat\/wp-json\/wp\/v2\/types\/page"}],"author":[{"embeddable":true,"href":"https:\/\/hardangerstillas.no\/privat\/wp-json\/wp\/v2\/users\/1"}],"replies":[{"embeddable":true,"href":"https:\/\/hardangerstillas.no\/privat\/wp-json\/wp\/v2\/comments?post=23"}],"version-history":[{"count":2,"href":"https:\/\/hardangerstillas.no\/privat\/wp-json\/wp\/v2\/pages\/23\/revisions"}],"predecessor-version":[{"id":595,"href":"https:\/\/hardangerstillas.no\/privat\/wp-json\/wp\/v2\/pages\/23\/revisions\/595"}],"wp:attachment":[{"href":"https:\/\/hardangerstillas.no\/privat\/wp-json\/wp\/v2\/media?parent=23"}],"curies":[{"name":"wp","href":"https:\/\/api.w.org\/{rel}","templated":true}]}}