{"id":16,"date":"2018-11-14T09:56:38","date_gmt":"2018-11-14T09:56:38","guid":{"rendered":"https:\/\/hardangerstillas.no\/privat\/?page_id=16"},"modified":"2026-03-24T08:33:14","modified_gmt":"2026-03-24T08:33:14","slug":"om-oss","status":"publish","type":"page","link":"https:\/\/hardangerstillas.no\/privat\/om-oss\/","title":{"rendered":"Om oss"},"content":{"rendered":"<p>Hardangerstillas har mer enn 30 \u00e5rs erfaring i stillasbransjen. V\u00e5re stillaser er kompatible med de aller fleste andre stillasmerker, i tillegg til at v\u00e5re stillaser er lette og smarte i utforming. Vi leverer raskt, og i hele landet.<\/p>\n<h3>V\u00e5re sertifikater:<\/h3>\n<p><a href=\"https:\/\/hardangerstillas.no\/wp-content\/uploads\/2026\/03\/Hardangerstillas-produktsertifikat-C901410-utgave-1-2026-02-11.pdf\" target=\"_blank\" rel=\"noopener\">RISE produktsertifikat C901410<\/a><\/p>\n<h3>HARDANGERSTILLAS \u2013 30 \u00c5RS ERFARING<\/h3>\n<p><strong>1987<\/strong><br \/>\nNorheimsund Industrier. starta opp med egen produksjon av stillas i under merkenavnet Norhand Stillas<\/p>\n<p><strong>1990\u00a0<\/strong><br \/>\nNorheimsund Industrier innledet et samarbeid med Delta System og produserte stillas for oljeindustrien. I lag med Delta var selskapa de f\u00f8rste akt\u00f8rene som leverte aluminium stillas til norske oljeplattformer .<\/p>\n<p><strong>1990 \u2013 2012<\/strong><br \/>\nNorheimsund Industrier leverte over 1000 stillas til b\u00e5de private og mindre h\u00e5ndverksbedrifter.<\/p>\n<p><strong>2012 (Januar)<\/strong><br \/>\nA2G kj\u00f8per den mekaniske delen av driften til Norheimsund Industrier. Stillaset bytter merkenavn til A2G Stillas.<\/p>\n<p><strong>2013 (Mars)<\/strong><br \/>\nNorheimsund Industriservice blir etablert og tar over produksjonen av stillas og annet mekanisk arbeid fra A2G. Stillasproduksjonen bytter merkenavn til Hardangerstillas.<\/p>\n<p><strong>2016 (Februar)<br \/>\n<\/strong>Alutec AS kj\u00f8per selskapet. Merkenavnet Hardangerstillas blir videref\u00f8rt.<\/p>\n<p><strong>2022<\/strong><br \/>\nHardangerstillas blir stolt forhandler av aluminiumsstillas fra SLV Group.<\/p>\n","protected":false},"excerpt":{"rendered":"<p>Hardangerstillas har mer enn 30 \u00e5rs erfaring i stillasbransjen. V\u00e5re stillaser er kompatible med de aller fleste andre stillasmerker, i tillegg til at v\u00e5re stillaser er lette og smarte i utforming. Vi leverer raskt, og i hele landet. V\u00e5re sertifikater: RISE produktsertifikat C901410 HARDANGERSTILLAS \u2013 30 \u00c5RS ERFARING 1987 Norheimsund Industrier. starta opp med egen<a class=\"excerpt-read-more\" href=\"https:\/\/hardangerstillas.no\/privat\/om-oss\/\" title=\"ReadOm oss\">&#8230; Read more &raquo;<\/a><\/p>\n","protected":false},"author":1,"featured_media":0,"parent":0,"menu_order":0,"comment_status":"closed","ping_status":"closed","template":"","meta":{"_acf_changed":false,"footnotes":""},"class_list":["post-16","page","type-page","status-publish","hentry"],"acf":[],"publishpress_future_action":{"enabled":false,"date":"2026-05-15 16:41:53","action":"change-status","newStatus":"draft","terms":[],"taxonomy":"","extraData":[]},"publishpress_future_workflow_manual_trigger":{"enabledWorkflows":[]},"_links":{"self":[{"href":"https:\/\/hardangerstillas.no\/privat\/wp-json\/wp\/v2\/pages\/16","targetHints":{"allow":["GET"]}}],"collection":[{"href":"https:\/\/hardangerstillas.no\/privat\/wp-json\/wp\/v2\/pages"}],"about":[{"href":"https:\/\/hardangerstillas.no\/privat\/wp-json\/wp\/v2\/types\/page"}],"author":[{"embeddable":true,"href":"https:\/\/hardangerstillas.no\/privat\/wp-json\/wp\/v2\/users\/1"}],"replies":[{"embeddable":true,"href":"https:\/\/hardangerstillas.no\/privat\/wp-json\/wp\/v2\/comments?post=16"}],"version-history":[{"count":6,"href":"https:\/\/hardangerstillas.no\/privat\/wp-json\/wp\/v2\/pages\/16\/revisions"}],"predecessor-version":[{"id":1023,"href":"https:\/\/hardangerstillas.no\/privat\/wp-json\/wp\/v2\/pages\/16\/revisions\/1023"}],"wp:attachment":[{"href":"https:\/\/hardangerstillas.no\/privat\/wp-json\/wp\/v2\/media?parent=16"}],"curies":[{"name":"wp","href":"https:\/\/api.w.org\/{rel}","templated":true}]}}